{"id":590,"date":"2026-03-29T13:58:05","date_gmt":"2026-03-29T13:58:05","guid":{"rendered":"https:\/\/passionradiohungary.hu\/?page_id=590"},"modified":"2026-03-29T14:51:19","modified_gmt":"2026-03-29T14:51:19","slug":"tamogatas","status":"publish","type":"page","link":"https:\/\/passionradiohungary.hu\/?page_id=590","title":{"rendered":"T\u00e1mogat\u00e1s"},"content":{"rendered":"\n<p>T\u00e1mogasd r\u00e1di\u00f3nkat MOHU REpont visszav\u00e1lt\u00e1ssal!<\/p>\n\n\n\n<p><br>Ha szeretn\u00e9d seg\u00edteni a munk\u00e1nkat, v\u00e1ltsd vissza palackjaidat a lenti QR-k\u00f3d haszn\u00e1lat\u00e1val, \u00e9s aj\u00e1nld fel az \u00f6sszeget nek\u00fcnk. Minden t\u00e1mogat\u00e1s hozz\u00e1j\u00e1rul ahhoz, hogy tov\u00e1bbra is min\u0151s\u00e9gi m\u0171sorokkal \u00e9s \u00e9rt\u00e9kes tartalmakkal k\u00e9sz\u00fclj\u00fcnk neked. K\u00f6sz\u00f6nj\u00fck a seg\u00edts\u00e9gedet!<\/p>\n\n\n\n<figure class=\"wp-block-image size-full is-resized\"><img loading=\"lazy\" decoding=\"async\" width=\"1024\" height=\"905\" src=\"https:\/\/passionradiohungary.hu\/wp-content\/uploads\/2026\/03\/baea6389-ea8d-4d60-8970-b12af6585056.jpg\" alt=\"\" class=\"wp-image-596\" style=\"aspect-ratio:1.1315036201380704;width:424px;height:auto\" srcset=\"https:\/\/passionradiohungary.hu\/wp-content\/uploads\/2026\/03\/baea6389-ea8d-4d60-8970-b12af6585056.jpg 1024w, https:\/\/passionradiohungary.hu\/wp-content\/uploads\/2026\/03\/baea6389-ea8d-4d60-8970-b12af6585056-300x265.jpg 300w, https:\/\/passionradiohungary.hu\/wp-content\/uploads\/2026\/03\/baea6389-ea8d-4d60-8970-b12af6585056-768x679.jpg 768w, https:\/\/passionradiohungary.hu\/wp-content\/uploads\/2026\/03\/baea6389-ea8d-4d60-8970-b12af6585056-60x53.jpg 60w\" sizes=\"auto, (max-width: 1024px) 100vw, 1024px\" \/><\/figure>\n\n\n\n<p><\/p>\n","protected":false},"excerpt":{"rendered":"<p>T\u00e1mogasd r\u00e1di\u00f3nkat MOHU REpont visszav\u00e1lt\u00e1ssal! Ha szeretn\u00e9d seg\u00edteni a munk\u00e1nkat, v\u00e1ltsd vissza palackjaidat a lenti QR-k\u00f3d haszn\u00e1lat\u00e1val, \u00e9s aj\u00e1nld fel az \u00f6sszeget nek\u00fcnk. Minden t\u00e1mogat\u00e1s hozz\u00e1j\u00e1rul ahhoz, hogy tov\u00e1bbra is min\u0151s\u00e9gi m\u0171sorokkal \u00e9s \u00e9rt\u00e9kes tartalmakkal k\u00e9sz\u00fclj\u00fcnk neked. K\u00f6sz\u00f6nj\u00fck a seg\u00edts\u00e9gedet!<\/p>\n","protected":false},"author":1,"featured_media":0,"parent":0,"menu_order":0,"comment_status":"closed","ping_status":"closed","template":"","meta":{"footnotes":""},"class_list":["post-590","page","type-page","status-publish","hentry"],"yoast_head":"<!-- This site is optimized with the Yoast SEO plugin v27.3 - https:\/\/yoast.com\/product\/yoast-seo-wordpress\/ -->\n<title>T\u00e1mogat\u00e1s - Passion R\u00e1di\u00f3 Hungary<\/title>\n<meta name=\"robots\" content=\"index, follow, max-snippet:-1, max-image-preview:large, max-video-preview:-1\" \/>\n<link rel=\"canonical\" href=\"https:\/\/passionradiohungary.hu\/?page_id=590\" \/>\n<meta property=\"og:locale\" content=\"hu_HU\" \/>\n<meta property=\"og:type\" content=\"article\" \/>\n<meta property=\"og:title\" content=\"T\u00e1mogat\u00e1s - Passion R\u00e1di\u00f3 Hungary\" \/>\n<meta property=\"og:description\" content=\"T\u00e1mogasd r\u00e1di\u00f3nkat MOHU REpont visszav\u00e1lt\u00e1ssal! Ha szeretn\u00e9d seg\u00edteni a munk\u00e1nkat, v\u00e1ltsd vissza palackjaidat a lenti QR-k\u00f3d haszn\u00e1lat\u00e1val, \u00e9s aj\u00e1nld fel az \u00f6sszeget nek\u00fcnk. Minden t\u00e1mogat\u00e1s hozz\u00e1j\u00e1rul ahhoz, hogy tov\u00e1bbra is min\u0151s\u00e9gi m\u0171sorokkal \u00e9s \u00e9rt\u00e9kes tartalmakkal k\u00e9sz\u00fclj\u00fcnk neked. K\u00f6sz\u00f6nj\u00fck a seg\u00edts\u00e9gedet!\" \/>\n<meta property=\"og:url\" content=\"https:\/\/passionradiohungary.hu\/?page_id=590\" \/>\n<meta property=\"og:site_name\" content=\"Passion R\u00e1di\u00f3 Hungary\" \/>\n<meta property=\"article:publisher\" content=\"https:\/\/www.facebook.com\/PassionRadioHungary\" \/>\n<meta property=\"article:modified_time\" content=\"2026-03-29T14:51:19+00:00\" \/>\n<meta property=\"og:image\" content=\"https:\/\/passionradiohungary.hu\/wp-content\/uploads\/2026\/03\/baea6389-ea8d-4d60-8970-b12af6585056.jpg\" \/>\n\t<meta property=\"og:image:width\" content=\"1024\" \/>\n\t<meta property=\"og:image:height\" content=\"905\" \/>\n\t<meta property=\"og:image:type\" content=\"image\/jpeg\" \/>\n<meta name=\"twitter:card\" content=\"summary_large_image\" \/>\n<script type=\"application\/ld+json\" class=\"yoast-schema-graph\">{\"@context\":\"https:\\\/\\\/schema.org\",\"@graph\":[{\"@type\":\"WebPage\",\"@id\":\"https:\\\/\\\/passionradiohungary.hu\\\/?page_id=590\",\"url\":\"https:\\\/\\\/passionradiohungary.hu\\\/?page_id=590\",\"name\":\"T\u00e1mogat\u00e1s - Passion R\u00e1di\u00f3 Hungary\",\"isPartOf\":{\"@id\":\"https:\\\/\\\/passionradiohungary.hu\\\/#website\"},\"primaryImageOfPage\":{\"@id\":\"https:\\\/\\\/passionradiohungary.hu\\\/?page_id=590#primaryimage\"},\"image\":{\"@id\":\"https:\\\/\\\/passionradiohungary.hu\\\/?page_id=590#primaryimage\"},\"thumbnailUrl\":\"https:\\\/\\\/passionradiohungary.hu\\\/wp-content\\\/uploads\\\/2026\\\/03\\\/baea6389-ea8d-4d60-8970-b12af6585056.jpg\",\"datePublished\":\"2026-03-29T13:58:05+00:00\",\"dateModified\":\"2026-03-29T14:51:19+00:00\",\"breadcrumb\":{\"@id\":\"https:\\\/\\\/passionradiohungary.hu\\\/?page_id=590#breadcrumb\"},\"inLanguage\":\"hu\",\"potentialAction\":[{\"@type\":\"ReadAction\",\"target\":[\"https:\\\/\\\/passionradiohungary.hu\\\/?page_id=590\"]}]},{\"@type\":\"ImageObject\",\"inLanguage\":\"hu\",\"@id\":\"https:\\\/\\\/passionradiohungary.hu\\\/?page_id=590#primaryimage\",\"url\":\"https:\\\/\\\/passionradiohungary.hu\\\/wp-content\\\/uploads\\\/2026\\\/03\\\/baea6389-ea8d-4d60-8970-b12af6585056.jpg\",\"contentUrl\":\"https:\\\/\\\/passionradiohungary.hu\\\/wp-content\\\/uploads\\\/2026\\\/03\\\/baea6389-ea8d-4d60-8970-b12af6585056.jpg\",\"width\":1024,\"height\":905},{\"@type\":\"BreadcrumbList\",\"@id\":\"https:\\\/\\\/passionradiohungary.hu\\\/?page_id=590#breadcrumb\",\"itemListElement\":[{\"@type\":\"ListItem\",\"position\":1,\"name\":\"Kezd\u0151lap\",\"item\":\"https:\\\/\\\/passionradiohungary.hu\\\/\"},{\"@type\":\"ListItem\",\"position\":2,\"name\":\"T\u00e1mogat\u00e1s\"}]},{\"@type\":\"WebSite\",\"@id\":\"https:\\\/\\\/passionradiohungary.hu\\\/#website\",\"url\":\"https:\\\/\\\/passionradiohungary.hu\\\/\",\"name\":\"Passion R\u00e1di\u00f3 Hungary\",\"description\":\"\",\"publisher\":{\"@id\":\"https:\\\/\\\/passionradiohungary.hu\\\/#organization\"},\"potentialAction\":[{\"@type\":\"SearchAction\",\"target\":{\"@type\":\"EntryPoint\",\"urlTemplate\":\"https:\\\/\\\/passionradiohungary.hu\\\/?s={search_term_string}\"},\"query-input\":{\"@type\":\"PropertyValueSpecification\",\"valueRequired\":true,\"valueName\":\"search_term_string\"}}],\"inLanguage\":\"hu\"},{\"@type\":\"Organization\",\"@id\":\"https:\\\/\\\/passionradiohungary.hu\\\/#organization\",\"name\":\"Passion R\u00e1di\u00f3 Hungary\",\"url\":\"https:\\\/\\\/passionradiohungary.hu\\\/\",\"logo\":{\"@type\":\"ImageObject\",\"inLanguage\":\"hu\",\"@id\":\"https:\\\/\\\/passionradiohungary.hu\\\/#\\\/schema\\\/logo\\\/image\\\/\",\"url\":\"https:\\\/\\\/passionradiohungary.hu\\\/wp-content\\\/uploads\\\/2026\\\/03\\\/cropped-2f0362af-c709-4905-8311-a10ce5f0dfc1-removebg-preview.png\",\"contentUrl\":\"https:\\\/\\\/passionradiohungary.hu\\\/wp-content\\\/uploads\\\/2026\\\/03\\\/cropped-2f0362af-c709-4905-8311-a10ce5f0dfc1-removebg-preview.png\",\"width\":347,\"height\":348,\"caption\":\"Passion R\u00e1di\u00f3 Hungary\"},\"image\":{\"@id\":\"https:\\\/\\\/passionradiohungary.hu\\\/#\\\/schema\\\/logo\\\/image\\\/\"},\"sameAs\":[\"https:\\\/\\\/www.facebook.com\\\/PassionRadioHungary\",\"https:\\\/\\\/www.youtube.com\\\/@RadioPassion-hu\"]}]}<\/script>\n<!-- \/ Yoast SEO plugin. -->","yoast_head_json":{"title":"T\u00e1mogat\u00e1s - Passion R\u00e1di\u00f3 Hungary","robots":{"index":"index","follow":"follow","max-snippet":"max-snippet:-1","max-image-preview":"max-image-preview:large","max-video-preview":"max-video-preview:-1"},"canonical":"https:\/\/passionradiohungary.hu\/?page_id=590","og_locale":"hu_HU","og_type":"article","og_title":"T\u00e1mogat\u00e1s - Passion R\u00e1di\u00f3 Hungary","og_description":"T\u00e1mogasd r\u00e1di\u00f3nkat MOHU REpont visszav\u00e1lt\u00e1ssal! Ha szeretn\u00e9d seg\u00edteni a munk\u00e1nkat, v\u00e1ltsd vissza palackjaidat a lenti QR-k\u00f3d haszn\u00e1lat\u00e1val, \u00e9s aj\u00e1nld fel az \u00f6sszeget nek\u00fcnk. Minden t\u00e1mogat\u00e1s hozz\u00e1j\u00e1rul ahhoz, hogy tov\u00e1bbra is min\u0151s\u00e9gi m\u0171sorokkal \u00e9s \u00e9rt\u00e9kes tartalmakkal k\u00e9sz\u00fclj\u00fcnk neked. K\u00f6sz\u00f6nj\u00fck a seg\u00edts\u00e9gedet!","og_url":"https:\/\/passionradiohungary.hu\/?page_id=590","og_site_name":"Passion R\u00e1di\u00f3 Hungary","article_publisher":"https:\/\/www.facebook.com\/PassionRadioHungary","article_modified_time":"2026-03-29T14:51:19+00:00","og_image":[{"width":1024,"height":905,"url":"https:\/\/passionradiohungary.hu\/wp-content\/uploads\/2026\/03\/baea6389-ea8d-4d60-8970-b12af6585056.jpg","type":"image\/jpeg"}],"twitter_card":"summary_large_image","schema":{"@context":"https:\/\/schema.org","@graph":[{"@type":"WebPage","@id":"https:\/\/passionradiohungary.hu\/?page_id=590","url":"https:\/\/passionradiohungary.hu\/?page_id=590","name":"T\u00e1mogat\u00e1s - Passion R\u00e1di\u00f3 Hungary","isPartOf":{"@id":"https:\/\/passionradiohungary.hu\/#website"},"primaryImageOfPage":{"@id":"https:\/\/passionradiohungary.hu\/?page_id=590#primaryimage"},"image":{"@id":"https:\/\/passionradiohungary.hu\/?page_id=590#primaryimage"},"thumbnailUrl":"https:\/\/passionradiohungary.hu\/wp-content\/uploads\/2026\/03\/baea6389-ea8d-4d60-8970-b12af6585056.jpg","datePublished":"2026-03-29T13:58:05+00:00","dateModified":"2026-03-29T14:51:19+00:00","breadcrumb":{"@id":"https:\/\/passionradiohungary.hu\/?page_id=590#breadcrumb"},"inLanguage":"hu","potentialAction":[{"@type":"ReadAction","target":["https:\/\/passionradiohungary.hu\/?page_id=590"]}]},{"@type":"ImageObject","inLanguage":"hu","@id":"https:\/\/passionradiohungary.hu\/?page_id=590#primaryimage","url":"https:\/\/passionradiohungary.hu\/wp-content\/uploads\/2026\/03\/baea6389-ea8d-4d60-8970-b12af6585056.jpg","contentUrl":"https:\/\/passionradiohungary.hu\/wp-content\/uploads\/2026\/03\/baea6389-ea8d-4d60-8970-b12af6585056.jpg","width":1024,"height":905},{"@type":"BreadcrumbList","@id":"https:\/\/passionradiohungary.hu\/?page_id=590#breadcrumb","itemListElement":[{"@type":"ListItem","position":1,"name":"Kezd\u0151lap","item":"https:\/\/passionradiohungary.hu\/"},{"@type":"ListItem","position":2,"name":"T\u00e1mogat\u00e1s"}]},{"@type":"WebSite","@id":"https:\/\/passionradiohungary.hu\/#website","url":"https:\/\/passionradiohungary.hu\/","name":"Passion R\u00e1di\u00f3 Hungary","description":"","publisher":{"@id":"https:\/\/passionradiohungary.hu\/#organization"},"potentialAction":[{"@type":"SearchAction","target":{"@type":"EntryPoint","urlTemplate":"https:\/\/passionradiohungary.hu\/?s={search_term_string}"},"query-input":{"@type":"PropertyValueSpecification","valueRequired":true,"valueName":"search_term_string"}}],"inLanguage":"hu"},{"@type":"Organization","@id":"https:\/\/passionradiohungary.hu\/#organization","name":"Passion R\u00e1di\u00f3 Hungary","url":"https:\/\/passionradiohungary.hu\/","logo":{"@type":"ImageObject","inLanguage":"hu","@id":"https:\/\/passionradiohungary.hu\/#\/schema\/logo\/image\/","url":"https:\/\/passionradiohungary.hu\/wp-content\/uploads\/2026\/03\/cropped-2f0362af-c709-4905-8311-a10ce5f0dfc1-removebg-preview.png","contentUrl":"https:\/\/passionradiohungary.hu\/wp-content\/uploads\/2026\/03\/cropped-2f0362af-c709-4905-8311-a10ce5f0dfc1-removebg-preview.png","width":347,"height":348,"caption":"Passion R\u00e1di\u00f3 Hungary"},"image":{"@id":"https:\/\/passionradiohungary.hu\/#\/schema\/logo\/image\/"},"sameAs":["https:\/\/www.facebook.com\/PassionRadioHungary","https:\/\/www.youtube.com\/@RadioPassion-hu"]}]}},"_links":{"self":[{"href":"https:\/\/passionradiohungary.hu\/index.php?rest_route=\/wp\/v2\/pages\/590","targetHints":{"allow":["GET"]}}],"collection":[{"href":"https:\/\/passionradiohungary.hu\/index.php?rest_route=\/wp\/v2\/pages"}],"about":[{"href":"https:\/\/passionradiohungary.hu\/index.php?rest_route=\/wp\/v2\/types\/page"}],"author":[{"embeddable":true,"href":"https:\/\/passionradiohungary.hu\/index.php?rest_route=\/wp\/v2\/users\/1"}],"replies":[{"embeddable":true,"href":"https:\/\/passionradiohungary.hu\/index.php?rest_route=%2Fwp%2Fv2%2Fcomments&post=590"}],"version-history":[{"count":5,"href":"https:\/\/passionradiohungary.hu\/index.php?rest_route=\/wp\/v2\/pages\/590\/revisions"}],"predecessor-version":[{"id":603,"href":"https:\/\/passionradiohungary.hu\/index.php?rest_route=\/wp\/v2\/pages\/590\/revisions\/603"}],"wp:attachment":[{"href":"https:\/\/passionradiohungary.hu\/index.php?rest_route=%2Fwp%2Fv2%2Fmedia&parent=590"}],"curies":[{"name":"wp","href":"https:\/\/api.w.org\/{rel}","templated":true}]}}