{"id":675,"date":"2026-04-14T17:30:20","date_gmt":"2026-04-14T17:30:20","guid":{"rendered":"https:\/\/passionradiohungary.hu\/?page_id=675"},"modified":"2026-04-14T17:32:31","modified_gmt":"2026-04-14T17:32:31","slug":"zenekeres","status":"publish","type":"page","link":"https:\/\/passionradiohungary.hu\/?page_id=675","title":{"rendered":"Zenek\u00e9r\u00e9s"},"content":{"rendered":"\n<iframe src=\"https:\/\/miralis.passionradiohungary.hu\/embed_song_requests.php\" width=\"100%\" height=\"620\" style=\"border:0;max-width:100%;\" loading=\"lazy\"><\/iframe>\n","protected":false},"excerpt":{"rendered":"","protected":false},"author":1,"featured_media":0,"parent":0,"menu_order":0,"comment_status":"closed","ping_status":"closed","template":"","meta":{"footnotes":""},"class_list":["post-675","page","type-page","status-publish","hentry"],"yoast_head":"<!-- This site is optimized with the Yoast SEO plugin v27.3 - https:\/\/yoast.com\/product\/yoast-seo-wordpress\/ -->\n<title>Zenek\u00e9r\u00e9s - Passion R\u00e1di\u00f3 Hungary<\/title>\n<meta name=\"robots\" content=\"index, follow, max-snippet:-1, max-image-preview:large, max-video-preview:-1\" \/>\n<link rel=\"canonical\" href=\"https:\/\/passionradiohungary.hu\/?page_id=675\" \/>\n<meta property=\"og:locale\" content=\"hu_HU\" \/>\n<meta property=\"og:type\" content=\"article\" \/>\n<meta property=\"og:title\" content=\"Zenek\u00e9r\u00e9s - Passion R\u00e1di\u00f3 Hungary\" \/>\n<meta property=\"og:url\" content=\"https:\/\/passionradiohungary.hu\/?page_id=675\" \/>\n<meta property=\"og:site_name\" content=\"Passion R\u00e1di\u00f3 Hungary\" \/>\n<meta property=\"article:publisher\" content=\"https:\/\/www.facebook.com\/PassionRadioHungary\" \/>\n<meta property=\"article:modified_time\" content=\"2026-04-14T17:32:31+00:00\" \/>\n<meta name=\"twitter:card\" content=\"summary_large_image\" \/>\n<script type=\"application\/ld+json\" class=\"yoast-schema-graph\">{\"@context\":\"https:\\\/\\\/schema.org\",\"@graph\":[{\"@type\":\"WebPage\",\"@id\":\"https:\\\/\\\/passionradiohungary.hu\\\/?page_id=675\",\"url\":\"https:\\\/\\\/passionradiohungary.hu\\\/?page_id=675\",\"name\":\"Zenek\u00e9r\u00e9s - Passion R\u00e1di\u00f3 Hungary\",\"isPartOf\":{\"@id\":\"https:\\\/\\\/passionradiohungary.hu\\\/#website\"},\"datePublished\":\"2026-04-14T17:30:20+00:00\",\"dateModified\":\"2026-04-14T17:32:31+00:00\",\"breadcrumb\":{\"@id\":\"https:\\\/\\\/passionradiohungary.hu\\\/?page_id=675#breadcrumb\"},\"inLanguage\":\"hu\",\"potentialAction\":[{\"@type\":\"ReadAction\",\"target\":[\"https:\\\/\\\/passionradiohungary.hu\\\/?page_id=675\"]}]},{\"@type\":\"BreadcrumbList\",\"@id\":\"https:\\\/\\\/passionradiohungary.hu\\\/?page_id=675#breadcrumb\",\"itemListElement\":[{\"@type\":\"ListItem\",\"position\":1,\"name\":\"Kezd\u0151lap\",\"item\":\"https:\\\/\\\/passionradiohungary.hu\\\/\"},{\"@type\":\"ListItem\",\"position\":2,\"name\":\"Zenek\u00e9r\u00e9s\"}]},{\"@type\":\"WebSite\",\"@id\":\"https:\\\/\\\/passionradiohungary.hu\\\/#website\",\"url\":\"https:\\\/\\\/passionradiohungary.hu\\\/\",\"name\":\"Passion R\u00e1di\u00f3 Hungary\",\"description\":\"\",\"publisher\":{\"@id\":\"https:\\\/\\\/passionradiohungary.hu\\\/#organization\"},\"potentialAction\":[{\"@type\":\"SearchAction\",\"target\":{\"@type\":\"EntryPoint\",\"urlTemplate\":\"https:\\\/\\\/passionradiohungary.hu\\\/?s={search_term_string}\"},\"query-input\":{\"@type\":\"PropertyValueSpecification\",\"valueRequired\":true,\"valueName\":\"search_term_string\"}}],\"inLanguage\":\"hu\"},{\"@type\":\"Organization\",\"@id\":\"https:\\\/\\\/passionradiohungary.hu\\\/#organization\",\"name\":\"Passion R\u00e1di\u00f3 Hungary\",\"url\":\"https:\\\/\\\/passionradiohungary.hu\\\/\",\"logo\":{\"@type\":\"ImageObject\",\"inLanguage\":\"hu\",\"@id\":\"https:\\\/\\\/passionradiohungary.hu\\\/#\\\/schema\\\/logo\\\/image\\\/\",\"url\":\"https:\\\/\\\/passionradiohungary.hu\\\/wp-content\\\/uploads\\\/2026\\\/03\\\/cropped-2f0362af-c709-4905-8311-a10ce5f0dfc1-removebg-preview.png\",\"contentUrl\":\"https:\\\/\\\/passionradiohungary.hu\\\/wp-content\\\/uploads\\\/2026\\\/03\\\/cropped-2f0362af-c709-4905-8311-a10ce5f0dfc1-removebg-preview.png\",\"width\":347,\"height\":348,\"caption\":\"Passion R\u00e1di\u00f3 Hungary\"},\"image\":{\"@id\":\"https:\\\/\\\/passionradiohungary.hu\\\/#\\\/schema\\\/logo\\\/image\\\/\"},\"sameAs\":[\"https:\\\/\\\/www.facebook.com\\\/PassionRadioHungary\",\"https:\\\/\\\/www.youtube.com\\\/@RadioPassion-hu\"]}]}<\/script>\n<!-- \/ Yoast SEO plugin. -->","yoast_head_json":{"title":"Zenek\u00e9r\u00e9s - Passion R\u00e1di\u00f3 Hungary","robots":{"index":"index","follow":"follow","max-snippet":"max-snippet:-1","max-image-preview":"max-image-preview:large","max-video-preview":"max-video-preview:-1"},"canonical":"https:\/\/passionradiohungary.hu\/?page_id=675","og_locale":"hu_HU","og_type":"article","og_title":"Zenek\u00e9r\u00e9s - Passion R\u00e1di\u00f3 Hungary","og_url":"https:\/\/passionradiohungary.hu\/?page_id=675","og_site_name":"Passion R\u00e1di\u00f3 Hungary","article_publisher":"https:\/\/www.facebook.com\/PassionRadioHungary","article_modified_time":"2026-04-14T17:32:31+00:00","twitter_card":"summary_large_image","schema":{"@context":"https:\/\/schema.org","@graph":[{"@type":"WebPage","@id":"https:\/\/passionradiohungary.hu\/?page_id=675","url":"https:\/\/passionradiohungary.hu\/?page_id=675","name":"Zenek\u00e9r\u00e9s - Passion R\u00e1di\u00f3 Hungary","isPartOf":{"@id":"https:\/\/passionradiohungary.hu\/#website"},"datePublished":"2026-04-14T17:30:20+00:00","dateModified":"2026-04-14T17:32:31+00:00","breadcrumb":{"@id":"https:\/\/passionradiohungary.hu\/?page_id=675#breadcrumb"},"inLanguage":"hu","potentialAction":[{"@type":"ReadAction","target":["https:\/\/passionradiohungary.hu\/?page_id=675"]}]},{"@type":"BreadcrumbList","@id":"https:\/\/passionradiohungary.hu\/?page_id=675#breadcrumb","itemListElement":[{"@type":"ListItem","position":1,"name":"Kezd\u0151lap","item":"https:\/\/passionradiohungary.hu\/"},{"@type":"ListItem","position":2,"name":"Zenek\u00e9r\u00e9s"}]},{"@type":"WebSite","@id":"https:\/\/passionradiohungary.hu\/#website","url":"https:\/\/passionradiohungary.hu\/","name":"Passion R\u00e1di\u00f3 Hungary","description":"","publisher":{"@id":"https:\/\/passionradiohungary.hu\/#organization"},"potentialAction":[{"@type":"SearchAction","target":{"@type":"EntryPoint","urlTemplate":"https:\/\/passionradiohungary.hu\/?s={search_term_string}"},"query-input":{"@type":"PropertyValueSpecification","valueRequired":true,"valueName":"search_term_string"}}],"inLanguage":"hu"},{"@type":"Organization","@id":"https:\/\/passionradiohungary.hu\/#organization","name":"Passion R\u00e1di\u00f3 Hungary","url":"https:\/\/passionradiohungary.hu\/","logo":{"@type":"ImageObject","inLanguage":"hu","@id":"https:\/\/passionradiohungary.hu\/#\/schema\/logo\/image\/","url":"https:\/\/passionradiohungary.hu\/wp-content\/uploads\/2026\/03\/cropped-2f0362af-c709-4905-8311-a10ce5f0dfc1-removebg-preview.png","contentUrl":"https:\/\/passionradiohungary.hu\/wp-content\/uploads\/2026\/03\/cropped-2f0362af-c709-4905-8311-a10ce5f0dfc1-removebg-preview.png","width":347,"height":348,"caption":"Passion R\u00e1di\u00f3 Hungary"},"image":{"@id":"https:\/\/passionradiohungary.hu\/#\/schema\/logo\/image\/"},"sameAs":["https:\/\/www.facebook.com\/PassionRadioHungary","https:\/\/www.youtube.com\/@RadioPassion-hu"]}]}},"_links":{"self":[{"href":"https:\/\/passionradiohungary.hu\/index.php?rest_route=\/wp\/v2\/pages\/675","targetHints":{"allow":["GET"]}}],"collection":[{"href":"https:\/\/passionradiohungary.hu\/index.php?rest_route=\/wp\/v2\/pages"}],"about":[{"href":"https:\/\/passionradiohungary.hu\/index.php?rest_route=\/wp\/v2\/types\/page"}],"author":[{"embeddable":true,"href":"https:\/\/passionradiohungary.hu\/index.php?rest_route=\/wp\/v2\/users\/1"}],"replies":[{"embeddable":true,"href":"https:\/\/passionradiohungary.hu\/index.php?rest_route=%2Fwp%2Fv2%2Fcomments&post=675"}],"version-history":[{"count":3,"href":"https:\/\/passionradiohungary.hu\/index.php?rest_route=\/wp\/v2\/pages\/675\/revisions"}],"predecessor-version":[{"id":681,"href":"https:\/\/passionradiohungary.hu\/index.php?rest_route=\/wp\/v2\/pages\/675\/revisions\/681"}],"wp:attachment":[{"href":"https:\/\/passionradiohungary.hu\/index.php?rest_route=%2Fwp%2Fv2%2Fmedia&parent=675"}],"curies":[{"name":"wp","href":"https:\/\/api.w.org\/{rel}","templated":true}]}}